{"id":49783,"date":"2025-10-14T09:07:51","date_gmt":"2025-10-14T07:07:51","guid":{"rendered":"https:\/\/ritualthaispa.com\/politica-de-privadesa\/"},"modified":"2026-03-12T10:14:54","modified_gmt":"2026-03-12T09:14:54","slug":"politica-de-privadesa","status":"publish","type":"page","link":"https:\/\/dev.purabalispa.com\/ca\/politica-de-privadesa\/","title":{"rendered":"Pol\u00edtica de privadesa"},"content":{"rendered":"\t\t<div data-elementor-type=\"wp-page\" data-elementor-id=\"49783\" class=\"elementor elementor-49783 elementor-3\" data-elementor-post-type=\"page\">\n\t\t\t\t<div class=\"elementor-element elementor-element-bd144c8 e-flex e-con-boxed cmsmasters-block-default e-con e-parent\" data-id=\"bd144c8\" data-element_type=\"container\" data-settings=\"{&quot;background_background&quot;:&quot;classic&quot;}\">\n\t\t\t\t\t<div class=\"e-con-inner\">\n\t\t\t\t<div class=\"elementor-element elementor-element-cf8e636 cmsmasters-block-default cmsmasters-sticky-default elementor-widget elementor-widget-heading\" data-id=\"cf8e636\" data-element_type=\"widget\" data-widget_type=\"heading.default\">\n\t\t\t\t\t<h1 class=\"elementor-heading-title elementor-size-default\">Pol\u00edtica de privacitat<\/h1>\t\t\t\t<\/div>\n\t\t\t\t\t<\/div>\n\t\t\t\t<\/div>\n\t\t<div class=\"elementor-element elementor-element-62abca4b e-flex e-con-boxed cmsmasters-block-default e-con e-parent\" data-id=\"62abca4b\" data-element_type=\"container\">\n\t\t\t\t\t<div class=\"e-con-inner\">\n\t\t\t\t<div class=\"elementor-element elementor-element-37698d91 cmsmasters-block-default cmsmasters-sticky-default elementor-widget elementor-widget-text-editor\" data-id=\"37698d91\" data-element_type=\"widget\" data-widget_type=\"text-editor.default\">\n\t\t\t\t\t\t\t\t\t<h2>Responsable<\/h2><p>El responsable del tractament de les dades recollides per mitj\u00e0 d&#8217;aquest lloc web \u00e9s:<\/p><p>Sukan business systems SL<br> B67289462<br> Carrer de C\u00f2rsega, 281, 08008 Barcelona<br> info@dev.purabalispa.com<\/p><p>Tel. 937 71 49 09<br><br><\/p><h3>Les dades personals de l&#8217;usuari d&#8217;aquest lloc web es tractaran per a les finalitats seg\u00fcents:<\/h3><p>Possibilitar el manteniment, el desenvolupament i la gesti\u00f3 a trav\u00e9s de l&#8217;\u00e0rea de client habilitat a trav\u00e9s del Lloc Web. Les dades tractades amb aquesta finalitat es conservaran mentre es mantingui la relaci\u00f3 negocial i, una vegada finalitzada aquesta, durant els terminis de conservaci\u00f3 i prescripci\u00f3 de responsabilitats legalment previstos. La base jur\u00eddica del tractament \u00e9s l&#8217;execuci\u00f3 d&#8217;un contracte en qu\u00e8 parteix l&#8217;interessat, en cas que es tracti d&#8217;un aut\u00f2nom o particular, i l&#8217;inter\u00e8s leg\u00edtim en cas que es tracti de la persona de contacte d&#8217;una empresa client.<br> Atendre les sol\u00b7licituds dinformaci\u00f3 i\/o consultes efectuades per lUsuari. Les dades tractades amb aquesta finalitat es conservaran fins haver donat resposta a la sol\u00b7licitud d&#8217;informaci\u00f3 i\/o consulta i, despr\u00e9s d&#8217;aix\u00f2, durant els terminis de conservaci\u00f3 i prescripci\u00f3 de responsabilitats legalment previstos. La base jur\u00eddica del tractament \u00e9s el consentiment de lusuari.    <\/p><p>Mantenir informat l&#8217;usuari, fins i tot per mitjans electr\u00f2nics, sobre els productes, serveis i novetats de Sukan business systems SL. Les dades tractades amb aquesta finalitat es conservaran fins al moment en qu\u00e8 l&#8217;usuari retiri el seu consentiment donat per a la recepci\u00f3 d&#8217;aquestes comunicacions i, despr\u00e9s d&#8217;aix\u00f2, durant els terminis de conservaci\u00f3 i de prescripci\u00f3 de responsabilitats legalment previstos. La base jur\u00eddica del tractament \u00e9s el consentiment de l&#8217;usuari. Si vost\u00e8 consent el tractament de les seves dades amb aquesta finalitat, si us plau, marqui la casella habilitada a tal efecte. Existeixen a disposici\u00f3 de l&#8217;usuari els sistemes d&#8217;exclusi\u00f3 publicit\u00e0ria relacionats al lloc web www.aepd.es    <\/p><h2>Destinataris<\/h2><p>Les dades podran comunicar-se als destinataris tercers seg\u00fcents: Administracions P\u00fabliques per al compliment d&#8217;obligacions legals. Tamb\u00e9 podran comunicar-se a les categories d&#8217;encarregats seg\u00fcents: Prove\u00efdors de comunicacions electr\u00f2niques, ofim\u00e0tica, hosting, housing, manteniment inform\u00e0tic, gestoria, comptabilitat, auditoria, assessoria i representaci\u00f3 legal. Aquests encarregats poden estar ubicats fora de l&#8217;Espai Econ\u00f2mic Europeu, amb els quals s&#8217;adaptaran les garanties adequades per a la seguretat en la transfer\u00e8ncia internacional de dades.  <\/p><h2>Drets<\/h2><p>L&#8217;usuari pot exercir davant Sukan business systems SL els seus drets d&#8217;acc\u00e9s, rectificaci\u00f3, supressi\u00f3, limitaci\u00f3 del tractament, portabilitat de les dades i oposici\u00f3.<\/p><p>D&#8217;igual manera, en els tractaments de les dades de l&#8217;usuari la legitimaci\u00f3 del qual es basi en el consentiment donat per l&#8217;usuari, aquest t\u00e9 el dret a retirar aquest consentiment en qualsevol moment, sense que aix\u00f2 afecti la licitud del tractament basat en el consentiment previ a la seva retirada.<\/p><p>Per a l&#8217;exercici d&#8217;aquests drets l&#8217;usuari pot enviar la vostra sol\u00b7licitud a Carrer de C\u00f2rsega, 281<br> 08008 Barcelona, \u200b\u200boa l&#8217;adre\u00e7a de correu electr\u00f2nic info@dev.purabalispa.com<\/p><p>En tot cas, l&#8217;usuari t\u00e9 dret a presentar una reclamaci\u00f3 davant la corresponent autoritat de control si ho estima oport\u00fa.<\/p>\t\t\t\t\t\t\t\t<\/div>\n\t\t\t\t\t<\/div>\n\t\t\t\t<\/div>\n\t\t\t\t<\/div>\n\t\t","protected":false},"excerpt":{"rendered":"<p>Pol\u00edtica de privacitat Responsable El responsable del tractament de les dades recollides per mitj\u00e0 d&#8217;aquest lloc web \u00e9s: Sukan business systems SL B67289462 Carrer de C\u00f2rsega, 281, 08008 Barcelona info@dev.purabalispa.com&#8230;<\/p>\n","protected":false},"author":1,"featured_media":0,"parent":0,"menu_order":0,"comment_status":"closed","ping_status":"closed","template":"","meta":{"_acf_changed":false,"inline_featured_image":false,"footnotes":""},"class_list":["post-49783","page","type-page","status-publish","hentry"],"acf":[],"yoast_head":"<!-- This site is optimized with the Yoast SEO plugin v26.8 - https:\/\/yoast.com\/product\/yoast-seo-wordpress\/ -->\n<title>Pol\u00edtica de cookies y enmmatgazematge local - Ritual Thai Spa<\/title>\n<meta name=\"description\" content=\"Pol\u00edtica de cookies (UE) - Ritual Thai Spa\" \/>\n<meta name=\"robots\" content=\"index, follow, max-snippet:-1, max-image-preview:large, max-video-preview:-1\" \/>\n<link rel=\"canonical\" href=\"https:\/\/dev.purabalispa.com\/ca\/politica-de-privadesa\/\" \/>\n<meta property=\"og:locale\" content=\"ca_ES\" \/>\n<meta property=\"og:type\" content=\"article\" \/>\n<meta property=\"og:title\" content=\"Pol\u00edtica de cookies y enmmatgazematge local - Ritual Thai Spa\" \/>\n<meta property=\"og:description\" content=\"Pol\u00edtica de cookies (UE) - Ritual Thai Spa\" \/>\n<meta property=\"og:url\" content=\"https:\/\/dev.purabalispa.com\/ca\/politica-de-privadesa\/\" \/>\n<meta property=\"og:site_name\" content=\"Pura Bali\" \/>\n<meta property=\"article:modified_time\" content=\"2026-03-12T09:14:54+00:00\" \/>\n<meta name=\"twitter:card\" content=\"summary_large_image\" \/>\n<meta name=\"twitter:label1\" content=\"Temps estimat de lectura\" \/>\n\t<meta name=\"twitter:data1\" content=\"3 minuts\" \/>\n<script type=\"application\/ld+json\" class=\"yoast-schema-graph\">{\"@context\":\"https:\/\/schema.org\",\"@graph\":[{\"@type\":\"WebPage\",\"@id\":\"https:\/\/dev.purabalispa.com\/ca\/politica-de-privadesa\/\",\"url\":\"https:\/\/dev.purabalispa.com\/ca\/politica-de-privadesa\/\",\"name\":\"Pol\u00edtica de cookies y enmmatgazematge local - Ritual Thai Spa\",\"isPartOf\":{\"@id\":\"https:\/\/dev.purabalispa.com\/ca\/#website\"},\"datePublished\":\"2025-10-14T07:07:51+00:00\",\"dateModified\":\"2026-03-12T09:14:54+00:00\",\"description\":\"Pol\u00edtica de cookies (UE) - Ritual Thai Spa\",\"breadcrumb\":{\"@id\":\"https:\/\/dev.purabalispa.com\/ca\/politica-de-privadesa\/#breadcrumb\"},\"inLanguage\":\"ca\",\"potentialAction\":[{\"@type\":\"ReadAction\",\"target\":[\"https:\/\/dev.purabalispa.com\/ca\/politica-de-privadesa\/\"]}]},{\"@type\":\"BreadcrumbList\",\"@id\":\"https:\/\/dev.purabalispa.com\/ca\/politica-de-privadesa\/#breadcrumb\",\"itemListElement\":[{\"@type\":\"ListItem\",\"position\":1,\"name\":\"Portada\",\"item\":\"https:\/\/dev.purabalispa.com\/ca\/\"},{\"@type\":\"ListItem\",\"position\":2,\"name\":\"Pol\u00edtica de privadesa\"}]},{\"@type\":\"WebSite\",\"@id\":\"https:\/\/dev.purabalispa.com\/ca\/#website\",\"url\":\"https:\/\/dev.purabalispa.com\/ca\/\",\"name\":\"https:\/\/dev.purabalispa.com\",\"description\":\"Bienvenido a Pura Bali Spa\",\"potentialAction\":[{\"@type\":\"SearchAction\",\"target\":{\"@type\":\"EntryPoint\",\"urlTemplate\":\"https:\/\/dev.purabalispa.com\/ca\/?s={search_term_string}\"},\"query-input\":{\"@type\":\"PropertyValueSpecification\",\"valueRequired\":true,\"valueName\":\"search_term_string\"}}],\"inLanguage\":\"ca\"}]}<\/script>\n<!-- \/ Yoast SEO plugin. -->","yoast_head_json":{"title":"Pol\u00edtica de cookies y enmmatgazematge local - Ritual Thai Spa","description":"Pol\u00edtica de cookies (UE) - Ritual Thai Spa","robots":{"index":"index","follow":"follow","max-snippet":"max-snippet:-1","max-image-preview":"max-image-preview:large","max-video-preview":"max-video-preview:-1"},"canonical":"https:\/\/dev.purabalispa.com\/ca\/politica-de-privadesa\/","og_locale":"ca_ES","og_type":"article","og_title":"Pol\u00edtica de cookies y enmmatgazematge local - Ritual Thai Spa","og_description":"Pol\u00edtica de cookies (UE) - Ritual Thai Spa","og_url":"https:\/\/dev.purabalispa.com\/ca\/politica-de-privadesa\/","og_site_name":"Pura Bali","article_modified_time":"2026-03-12T09:14:54+00:00","twitter_card":"summary_large_image","twitter_misc":{"Temps estimat de lectura":"3 minuts"},"schema":{"@context":"https:\/\/schema.org","@graph":[{"@type":"WebPage","@id":"https:\/\/dev.purabalispa.com\/ca\/politica-de-privadesa\/","url":"https:\/\/dev.purabalispa.com\/ca\/politica-de-privadesa\/","name":"Pol\u00edtica de cookies y enmmatgazematge local - Ritual Thai Spa","isPartOf":{"@id":"https:\/\/dev.purabalispa.com\/ca\/#website"},"datePublished":"2025-10-14T07:07:51+00:00","dateModified":"2026-03-12T09:14:54+00:00","description":"Pol\u00edtica de cookies (UE) - Ritual Thai Spa","breadcrumb":{"@id":"https:\/\/dev.purabalispa.com\/ca\/politica-de-privadesa\/#breadcrumb"},"inLanguage":"ca","potentialAction":[{"@type":"ReadAction","target":["https:\/\/dev.purabalispa.com\/ca\/politica-de-privadesa\/"]}]},{"@type":"BreadcrumbList","@id":"https:\/\/dev.purabalispa.com\/ca\/politica-de-privadesa\/#breadcrumb","itemListElement":[{"@type":"ListItem","position":1,"name":"Portada","item":"https:\/\/dev.purabalispa.com\/ca\/"},{"@type":"ListItem","position":2,"name":"Pol\u00edtica de privadesa"}]},{"@type":"WebSite","@id":"https:\/\/dev.purabalispa.com\/ca\/#website","url":"https:\/\/dev.purabalispa.com\/ca\/","name":"https:\/\/dev.purabalispa.com","description":"Bienvenido a Pura Bali Spa","potentialAction":[{"@type":"SearchAction","target":{"@type":"EntryPoint","urlTemplate":"https:\/\/dev.purabalispa.com\/ca\/?s={search_term_string}"},"query-input":{"@type":"PropertyValueSpecification","valueRequired":true,"valueName":"search_term_string"}}],"inLanguage":"ca"}]}},"_links":{"self":[{"href":"https:\/\/dev.purabalispa.com\/ca\/wp-json\/wp\/v2\/pages\/49783","targetHints":{"allow":["GET"]}}],"collection":[{"href":"https:\/\/dev.purabalispa.com\/ca\/wp-json\/wp\/v2\/pages"}],"about":[{"href":"https:\/\/dev.purabalispa.com\/ca\/wp-json\/wp\/v2\/types\/page"}],"author":[{"embeddable":true,"href":"https:\/\/dev.purabalispa.com\/ca\/wp-json\/wp\/v2\/users\/1"}],"replies":[{"embeddable":true,"href":"https:\/\/dev.purabalispa.com\/ca\/wp-json\/wp\/v2\/comments?post=49783"}],"version-history":[{"count":2,"href":"https:\/\/dev.purabalispa.com\/ca\/wp-json\/wp\/v2\/pages\/49783\/revisions"}],"predecessor-version":[{"id":53814,"href":"https:\/\/dev.purabalispa.com\/ca\/wp-json\/wp\/v2\/pages\/49783\/revisions\/53814"}],"wp:attachment":[{"href":"https:\/\/dev.purabalispa.com\/ca\/wp-json\/wp\/v2\/media?parent=49783"}],"curies":[{"name":"wp","href":"https:\/\/api.w.org\/{rel}","templated":true}]}}